{"id":6228,"date":"2014-02-09T11:30:17","date_gmt":"2014-02-09T10:30:17","guid":{"rendered":"http:\/\/www.sk6dw.se\/?page_id=6228"},"modified":"2016-02-23T21:47:20","modified_gmt":"2016-02-23T20:47:20","slug":"asktracker","status":"publish","type":"page","link":"https:\/\/www.sk6dw.se\/?page_id=6228","title":{"rendered":"\u00c5sktracker"},"content":{"rendered":"<p><center><i><b>Stormen Helga lyckades december 2015 bl\u00e5sa ner antennen vilket tyv\u00e4rr \u00e4ven gjorde att n\u00e5got i den gick s\u00f6nder. SM6VGK \/ SM6SJW har inga planer p\u00e5 att k\u00f6pa ny antenn till den, s\u00e5 tyv\u00e4rr ser det inte ut som om Trollh\u00e4ttans \u00e5sktracker kommer ig\u00e5ng igen.<\/i><\/b><\/center><\/p>\n<p>En \u00e5sktracker \u00e4r en &#8221;mottagare&#8221; som lyssnar efter \u00e5ska. Men hj\u00e4lp av en dator kan man visa \u00e5sktr\u00e4ffarna p\u00e5 en karta. N\u00e4r \u00e5skan n\u00e4rmar sig kan det vara l\u00e4gligt att dra ur k\u00e4nslig elektronik tex. Datorer, TV-apparater och telefoner f\u00f6r att undvika att dom g\u00e5r s\u00f6nder. \u00c5sktrackern drivs av Janne SM6SJW och \u00e4r under kontinuerlig testdrift. <a href=\"http:\/\/www.telder.com\/trollhattans-asktracker\/\" target=\"_blank\">L\u00e4s mer om trackern h\u00e4r<\/a>.<\/p>\n<p><img decoding=\"async\" src=\"http:\/\/www.sk6dw.se\/sm6sjw\/ss263521.jpg\" alt=\"\u00c5sktracker (ladda om sidan f\u00f6r att uppdatera bilden)\" \/><br \/>\n<em>En aktuell bild av \u00e5skl\u00e4get under den senaste halvtimmen. Du f\u00e5r ladda om sidan f\u00f6r att uppdatera ovanst\u00e5ende bild.<\/em><\/p>\n","protected":false},"excerpt":{"rendered":"<p>Stormen Helga lyckades december 2015 bl\u00e5sa ner antennen vilket tyv\u00e4rr \u00e4ven gjorde att n\u00e5got i den gick s\u00f6nder. SM6VGK \/ SM6SJW har inga planer p\u00e5 att k\u00f6pa ny antenn till den, s\u00e5 tyv\u00e4rr ser det inte ut som om Trollh\u00e4ttans &hellip;<\/p>\n<p class=\"read-more\"> <a class=\"more-link\" href=\"https:\/\/www.sk6dw.se\/?page_id=6228\"> <span class=\"screen-reader-text\">\u00c5sktracker<\/span> L\u00e4s mer &raquo;<\/a><\/p>\n","protected":false},"author":1,"featured_media":0,"parent":0,"menu_order":0,"comment_status":"closed","ping_status":"open","template":"","meta":{"footnotes":""},"_links":{"self":[{"href":"https:\/\/www.sk6dw.se\/index.php?rest_route=\/wp\/v2\/pages\/6228"}],"collection":[{"href":"https:\/\/www.sk6dw.se\/index.php?rest_route=\/wp\/v2\/pages"}],"about":[{"href":"https:\/\/www.sk6dw.se\/index.php?rest_route=\/wp\/v2\/types\/page"}],"author":[{"embeddable":true,"href":"https:\/\/www.sk6dw.se\/index.php?rest_route=\/wp\/v2\/users\/1"}],"replies":[{"embeddable":true,"href":"https:\/\/www.sk6dw.se\/index.php?rest_route=%2Fwp%2Fv2%2Fcomments&post=6228"}],"version-history":[{"count":38,"href":"https:\/\/www.sk6dw.se\/index.php?rest_route=\/wp\/v2\/pages\/6228\/revisions"}],"predecessor-version":[{"id":6425,"href":"https:\/\/www.sk6dw.se\/index.php?rest_route=\/wp\/v2\/pages\/6228\/revisions\/6425"}],"wp:attachment":[{"href":"https:\/\/www.sk6dw.se\/index.php?rest_route=%2Fwp%2Fv2%2Fmedia&parent=6228"}],"curies":[{"name":"wp","href":"https:\/\/api.w.org\/{rel}","templated":true}]}}