{"id":6191,"date":"2014-01-15T02:26:02","date_gmt":"2014-01-15T01:26:02","guid":{"rendered":"http:\/\/www.sk6dw.se\/?page_id=6191"},"modified":"2014-01-15T02:54:44","modified_gmt":"2014-01-15T01:54:44","slug":"ekebacken-2012","status":"publish","type":"page","link":"https:\/\/www.sk6dw.se\/?page_id=6191","title":{"rendered":"Ekebacken 2012"},"content":{"rendered":"<p><img decoding=\"async\" src=\"http:\/\/www.sk6dw.se\/bilder\/920px\/ekebacken-folk-920x450.jpg\" alt=\"ekebacken\" class=\"alignnone size-full wp-image-6062\" \/><\/p>\n<p>Perfekt v\u00e4der, m\u00e5nga bes\u00f6kare och tio s\u00e4ljare varav en i stugan. Rykande \u00e5tg\u00e5ng p\u00e5 korv och fika. Jenny och Hugo serverade p\u00e5 b\u00e4sta s\u00e4tt. Margareta, Lars-G\u00f6ran och Lennart assisterad av Hans S gjorde en &#8221;brandk\u00e5rsutryckning&#8221; med kompletterande ink\u00f6p, kaffekokning och marketanteri. Tusen tack, och en eloge f\u00f6r detta, d\u00e5 k\u00f6ksplaneringen initialt fallit mellan stolarna! <\/p>\n<p>Valle demonstrerade SSTV och PSK31, mycket intressant och givande. Vi fick \u00e4ven assistans med programinstallation och konfiguration av IC-7000 radion med USB-interface.<\/p>\n<p>Samtidigt fick vi h\u00e5rdtesta det provisoriska elsystemet vilket med elgenerator, batteridrift och tv\u00e5 liksp\u00e4nningsomvandlare str\u00f6mf\u00f6rs\u00f6rjde kaffe- och vattenkokare, mikrov\u00e5gsugn samt stugans radioutrustning.<\/p>\n<p>Trevligt och tr\u00e5ngt i stugan, kvigor i hagen, och p\u00e5 g\u00e5rden gjordes m\u00e5nga aff\u00e4rer bland radioamat\u00f6rer och h\u00e4stskojare.. \ud83d\ude42<\/p>\n<p><em>Text f\u00f6rfattad av SA6BOL<\/em><\/p>\n","protected":false},"excerpt":{"rendered":"<p>Perfekt v\u00e4der, m\u00e5nga bes\u00f6kare och tio s\u00e4ljare varav en i stugan. Rykande \u00e5tg\u00e5ng p\u00e5 korv och fika. Jenny och Hugo serverade p\u00e5 b\u00e4sta s\u00e4tt. Margareta, Lars-G\u00f6ran och Lennart assisterad av Hans S gjorde en &#8221;brandk\u00e5rsutryckning&#8221; med kompletterande ink\u00f6p, kaffekokning och &hellip;<\/p>\n<p class=\"read-more\"> <a class=\"more-link\" href=\"https:\/\/www.sk6dw.se\/?page_id=6191\"> <span class=\"screen-reader-text\">Ekebacken 2012<\/span> L\u00e4s mer &raquo;<\/a><\/p>\n","protected":false},"author":3,"featured_media":0,"parent":19,"menu_order":0,"comment_status":"closed","ping_status":"closed","template":"","meta":{"footnotes":""},"_links":{"self":[{"href":"https:\/\/www.sk6dw.se\/index.php?rest_route=\/wp\/v2\/pages\/6191"}],"collection":[{"href":"https:\/\/www.sk6dw.se\/index.php?rest_route=\/wp\/v2\/pages"}],"about":[{"href":"https:\/\/www.sk6dw.se\/index.php?rest_route=\/wp\/v2\/types\/page"}],"author":[{"embeddable":true,"href":"https:\/\/www.sk6dw.se\/index.php?rest_route=\/wp\/v2\/users\/3"}],"replies":[{"embeddable":true,"href":"https:\/\/www.sk6dw.se\/index.php?rest_route=%2Fwp%2Fv2%2Fcomments&post=6191"}],"version-history":[{"count":3,"href":"https:\/\/www.sk6dw.se\/index.php?rest_route=\/wp\/v2\/pages\/6191\/revisions"}],"predecessor-version":[{"id":6216,"href":"https:\/\/www.sk6dw.se\/index.php?rest_route=\/wp\/v2\/pages\/6191\/revisions\/6216"}],"up":[{"embeddable":true,"href":"https:\/\/www.sk6dw.se\/index.php?rest_route=\/wp\/v2\/pages\/19"}],"wp:attachment":[{"href":"https:\/\/www.sk6dw.se\/index.php?rest_route=%2Fwp%2Fv2%2Fmedia&parent=6191"}],"curies":[{"name":"wp","href":"https:\/\/api.w.org\/{rel}","templated":true}]}}