{"id":6185,"date":"2014-01-15T02:21:13","date_gmt":"2014-01-15T01:21:13","guid":{"rendered":"http:\/\/www.sk6dw.se\/?page_id=6185"},"modified":"2014-01-15T10:48:19","modified_gmt":"2014-01-15T09:48:19","slug":"ekebacken-2013","status":"publish","type":"page","link":"https:\/\/www.sk6dw.se\/?page_id=6185","title":{"rendered":"Ekebacken 2013"},"content":{"rendered":"<p>Mycket trevligt under klubbens Fieldday p\u00e5 Ekebacken den 18-19 maj. Fem teknik- och surpluss\u00e4ljare p\u00e5 g\u00e5rden fr\u00e5n n\u00e4r och fj\u00e4rran. Och i stugan var det full fart i Monas Caf\u00e9 d\u00e4r varmkorv, dricka. \u00f6l, kaffe, te och fikabr\u00f6d hade en strykande \u00e5tg\u00e5ng hos hungriga bes\u00f6kare.<\/p>\n<p>Vi hade inlotsning p\u00e5 2m i stugan samt ute p\u00e5 g\u00e5rden via en solcellsdriven 70cm radio. Inte riktigt s\u00e5 m\u00e5nga bes\u00f6kare som brukligt, men det minskade antalet torde bero p\u00e5 den n\u00e5got knapph\u00e4ndiga annonseringen som skett.<\/p>\n<p>Annars ett perfekt och lyckat evenemang. Vi h\u00e5rdtestade elsystemet under dagen med kaffebryggare, tre datorer tr\u00e5dl\u00f6sa n\u00e4tverk, laddare samt telefon och radioutrustning. Allt fungerade perfekt med kontinuerlig 230V matning under tv\u00e5 dagar utan kompletterande el fr\u00e5n bensingeneratorn. Batterierna beh\u00f6vs dock laddas vid n\u00e4sta klubbtr\u00e4ff.<\/p>\n<p><img decoding=\"async\" loading=\"lazy\" src=\"http:\/\/www.sk6dw.se\/wp-content\/uploads\/2014\/01\/tlx2013.jpg\" alt=\"tlx2013\" width=\"920\" height=\"518\" class=\"alignnone size-full wp-image-6212\" srcset=\"https:\/\/www.sk6dw.se\/wp-content\/uploads\/2014\/01\/tlx2013.jpg 920w, https:\/\/www.sk6dw.se\/wp-content\/uploads\/2014\/01\/tlx2013-300x168.jpg 300w, https:\/\/www.sk6dw.se\/wp-content\/uploads\/2014\/01\/tlx2013-100x56.jpg 100w, https:\/\/www.sk6dw.se\/wp-content\/uploads\/2014\/01\/tlx2013-150x84.jpg 150w, https:\/\/www.sk6dw.se\/wp-content\/uploads\/2014\/01\/tlx2013-200x112.jpg 200w, https:\/\/www.sk6dw.se\/wp-content\/uploads\/2014\/01\/tlx2013-450x253.jpg 450w, https:\/\/www.sk6dw.se\/wp-content\/uploads\/2014\/01\/tlx2013-600x337.jpg 600w, https:\/\/www.sk6dw.se\/wp-content\/uploads\/2014\/01\/tlx2013-900x506.jpg 900w\" sizes=\"(max-width: 920px) 100vw, 920px\" \/><\/p>\n<p>H\u00e5kan -TLX hade en effektfull flyguppvisning med sin nya helikopter, och det var m\u00e5nga som h\u00f6ll andan n\u00e4r dyrgripen drog till v\u00e4ders, b\u00e5da h\u00f6gt- och l\u00e5gt med en rasande fart. Under dagen hade vi bes\u00f6k av FRO samt friluftfr\u00e4mjandets barn- och ungdomssektion vilka var mycket intresserade av v\u00e5r hobby. Fredrik -VTT v\u00e4ckte id\u00e9n om ett samarbete fram\u00f6ver.<\/p>\n<p>Efter fielddayens vitamininjektion l\u00e4ngtar vi bara efter n\u00e4sta klubbaktivitet p\u00e5 Ekebacken!<\/p>\n<p><em>Text f\u00f6rfattad av SA6BOL<\/em><\/p>\n","protected":false},"excerpt":{"rendered":"<p>Mycket trevligt under klubbens Fieldday p\u00e5 Ekebacken den 18-19 maj. Fem teknik- och surpluss\u00e4ljare p\u00e5 g\u00e5rden fr\u00e5n n\u00e4r och fj\u00e4rran. Och i stugan var det full fart i Monas Caf\u00e9 d\u00e4r varmkorv, dricka. \u00f6l, kaffe, te och fikabr\u00f6d hade en &hellip;<\/p>\n<p class=\"read-more\"> <a class=\"more-link\" href=\"https:\/\/www.sk6dw.se\/?page_id=6185\"> <span class=\"screen-reader-text\">Ekebacken 2013<\/span> L\u00e4s mer &raquo;<\/a><\/p>\n","protected":false},"author":3,"featured_media":0,"parent":19,"menu_order":0,"comment_status":"closed","ping_status":"closed","template":"","meta":{"footnotes":""},"_links":{"self":[{"href":"https:\/\/www.sk6dw.se\/index.php?rest_route=\/wp\/v2\/pages\/6185"}],"collection":[{"href":"https:\/\/www.sk6dw.se\/index.php?rest_route=\/wp\/v2\/pages"}],"about":[{"href":"https:\/\/www.sk6dw.se\/index.php?rest_route=\/wp\/v2\/types\/page"}],"author":[{"embeddable":true,"href":"https:\/\/www.sk6dw.se\/index.php?rest_route=\/wp\/v2\/users\/3"}],"replies":[{"embeddable":true,"href":"https:\/\/www.sk6dw.se\/index.php?rest_route=%2Fwp%2Fv2%2Fcomments&post=6185"}],"version-history":[{"count":3,"href":"https:\/\/www.sk6dw.se\/index.php?rest_route=\/wp\/v2\/pages\/6185\/revisions"}],"predecessor-version":[{"id":6220,"href":"https:\/\/www.sk6dw.se\/index.php?rest_route=\/wp\/v2\/pages\/6185\/revisions\/6220"}],"up":[{"embeddable":true,"href":"https:\/\/www.sk6dw.se\/index.php?rest_route=\/wp\/v2\/pages\/19"}],"wp:attachment":[{"href":"https:\/\/www.sk6dw.se\/index.php?rest_route=%2Fwp%2Fv2%2Fmedia&parent=6185"}],"curies":[{"name":"wp","href":"https:\/\/api.w.org\/{rel}","templated":true}]}}