{"id":6177,"date":"2014-01-15T02:08:10","date_gmt":"2014-01-15T01:08:10","guid":{"rendered":"http:\/\/www.sk6dw.se\/?page_id=6177"},"modified":"2014-01-15T02:08:10","modified_gmt":"2014-01-15T01:08:10","slug":"ekebacken-2011","status":"publish","type":"page","link":"https:\/\/www.sk6dw.se\/?page_id=6177","title":{"rendered":"Ekebacken 2011"},"content":{"rendered":"<p><a href=\"http:\/\/www.sk6dw.se\/wp-content\/uploads\/2013\/12\/Vy_fr\u00e5n_masten-1024x768.jpg\"><img decoding=\"async\" loading=\"lazy\" src=\"http:\/\/www.sk6dw.se\/wp-content\/uploads\/2013\/12\/Vy_fr\u00e5n_masten-1024x768.jpg\" alt=\"Vy_fr\u00e5n_masten-1024x768\" width=\"1024\" height=\"768\" class=\"alignnone size-full wp-image-6161\" srcset=\"https:\/\/www.sk6dw.se\/wp-content\/uploads\/2013\/12\/Vy_fr\u00e5n_masten-1024x768.jpg 1024w, https:\/\/www.sk6dw.se\/wp-content\/uploads\/2013\/12\/Vy_fr\u00e5n_masten-1024x768-300x225.jpg 300w\" sizes=\"(max-width: 1024px) 100vw, 1024px\" \/><\/a><\/p>\n<p>Helgen den 21-22 maj 2011 hade vi i Trollh\u00e4ttans S\u00e4ndareamat\u00f6rer en Field Day vid v\u00e5r klubbstuga Ekebacken p\u00e5 Halleberg som \u00e4ven i \u00e5r blev en riktig succ\u00e9. Under l\u00f6rdagen var v\u00e4dret som b\u00e4st, flertalet blev rej\u00e4lt solbr\u00e4nda, och det var \u00e4ven under l\u00f6rdagen som flest bes\u00f6kare hittade upp till berget.<\/p>\n<p>Loppis, radiok\u00f6rande, avnjutande av den underbara naturen och f\u00f6revisande av flera RemoteRig-l\u00f6sningar p\u00e5gick under m\u00e5nga timmar. Radiogrejer bytte \u00e4gare och m\u00e5nga b\u00e5de k\u00f6pare och s\u00e4ljare blev n\u00f6jda. Men kanske framf\u00f6rallt vid s\u00e5dana h\u00e4r evenemang var det m\u00e5nga r\u00f6ster som fick ett ansikte och gamla bekanta tr\u00e4ffades igen. B\u00e5de inomhus och utomhus satt folk och umgicks.<\/p>\n<p>En s\u00e4rskilt tack vill vi rikta till SA6BMP Berit, med hantlangare, som sk\u00f6tte k\u00f6ket och serveringen p\u00e5 ett ypperligt och uppskattat s\u00e4tt och SA6BML Lennart som lade ner extra m\u00e5nga intensiva arbetstimmar p\u00e5 f\u00f6rberedelser!<br \/>\nSj\u00e4lvklart stort tack \u00e4ven till alla andra som var med och arrangerade och efterarbetade, vi var m\u00e5nga armar och ben som med trivsel och trevnad donade och fejade inf\u00f6r denna helg.<\/p>\n<p>Kort sagt en succ\u00e9 som m\u00e5ste upprepas, h\u00e5ll koll i kalendrar och p\u00e5 fora n\u00e4sta v\u00e5r f\u00f6r i slutet av maj 2012 k\u00f6r vi en om m\u00f6jligt \u00e4nnu b\u00e4ttre Field Day. V\u00e4lkomna \u00e4ven d\u00e5!<\/p>\n<p><iframe loading=\"lazy\" width=\"640\" height=\"360\" src=\"http:\/\/www.youtube.com\/embed\/ry-lg1UQyfk?feature=player_embedded\" frameborder=\"0\" allowfullscreen><\/iframe><\/p>\n","protected":false},"excerpt":{"rendered":"<p>Helgen den 21-22 maj 2011 hade vi i Trollh\u00e4ttans S\u00e4ndareamat\u00f6rer en Field Day vid v\u00e5r klubbstuga Ekebacken p\u00e5 Halleberg som \u00e4ven i \u00e5r blev en riktig succ\u00e9. Under l\u00f6rdagen var v\u00e4dret som b\u00e4st, flertalet blev rej\u00e4lt solbr\u00e4nda, och det var &hellip;<\/p>\n<p class=\"read-more\"> <a class=\"more-link\" href=\"https:\/\/www.sk6dw.se\/?page_id=6177\"> <span class=\"screen-reader-text\">Ekebacken 2011<\/span> L\u00e4s mer &raquo;<\/a><\/p>\n","protected":false},"author":3,"featured_media":0,"parent":19,"menu_order":0,"comment_status":"closed","ping_status":"open","template":"","meta":{"footnotes":""},"_links":{"self":[{"href":"https:\/\/www.sk6dw.se\/index.php?rest_route=\/wp\/v2\/pages\/6177"}],"collection":[{"href":"https:\/\/www.sk6dw.se\/index.php?rest_route=\/wp\/v2\/pages"}],"about":[{"href":"https:\/\/www.sk6dw.se\/index.php?rest_route=\/wp\/v2\/types\/page"}],"author":[{"embeddable":true,"href":"https:\/\/www.sk6dw.se\/index.php?rest_route=\/wp\/v2\/users\/3"}],"replies":[{"embeddable":true,"href":"https:\/\/www.sk6dw.se\/index.php?rest_route=%2Fwp%2Fv2%2Fcomments&post=6177"}],"version-history":[{"count":1,"href":"https:\/\/www.sk6dw.se\/index.php?rest_route=\/wp\/v2\/pages\/6177\/revisions"}],"predecessor-version":[{"id":6178,"href":"https:\/\/www.sk6dw.se\/index.php?rest_route=\/wp\/v2\/pages\/6177\/revisions\/6178"}],"up":[{"embeddable":true,"href":"https:\/\/www.sk6dw.se\/index.php?rest_route=\/wp\/v2\/pages\/19"}],"wp:attachment":[{"href":"https:\/\/www.sk6dw.se\/index.php?rest_route=%2Fwp%2Fv2%2Fmedia&parent=6177"}],"curies":[{"name":"wp","href":"https:\/\/api.w.org\/{rel}","templated":true}]}}