{"id":5232,"date":"2011-04-11T16:59:02","date_gmt":"2011-04-11T15:59:02","guid":{"rendered":"http:\/\/www.sk6dw.se\/?page_id=5232"},"modified":"2013-12-18T01:21:45","modified_gmt":"2013-12-18T00:21:45","slug":"fieldday-vast-arkiverad","status":"publish","type":"page","link":"https:\/\/www.sk6dw.se\/?page_id=5232","title":{"rendered":"Fieldday V\u00e4st (Arkiverad)"},"content":{"rendered":"<p><i>OBS! V\u00e4nligen notera att denna sida ej \u00e4r uppdaterad. Aktuell information finner ni p\u00e5: <a href=\"www.tangahed.net\">www.tangahed.net<\/a><\/i><\/p>\n<p align=\"justify\"><strong>Fieldday V\u00e4st &#8211; T\u00e5nga Hed<\/strong><br \/>\nSedan 2005 arrangeras varje \u00e5r Fieldday V\u00e4st p\u00e5 T\u00e5nga hed utanf\u00f6r V\u00e5rg\u00e5rda och vi var en av de klubbar som l\u00e5g bakom denna trevliga och mycket uppskattade radiotr\u00e4ff.<\/p>\n<p><img src='http:\/\/www.sk6dw.se\/wp-content\/uploads\/2009\/08\/flygbild.jpg' alt='flygbild.jpg' style=\"float:right; margin:5px;\" \/><a href=\"http:\/\/www.sk6dw.se\/?page_id=1180\">T\u00e5nga Heds historia<\/a><\/p>\n<p><a target=\"_blank\" href=\"http:\/\/www.hitta.se\/ViewDetailsPlace.aspx?StreetNumberId=3629999&amp;SearchType=4&amp;UCSB%3aWflWhite=1a1b&amp;UCSB%3aWflPink=4a&amp;UCSB%3aTextBoxWho=&amp;UCSB%3aTextBoxWhere=t%e5nga+hed\">Karta till T\u00e5nga Hed<\/a><\/p>\n<p><a href=\"http:\/\/www.sk6dw.se\/?page_id=1817\">Bilder fr\u00e5n 2009<\/a><br \/>\n<a href=\"http:\/\/www.sk6dw.se\/?page_id=1818\">Bilder fr\u00e5n 2008<\/a><br \/>\n<a href=\"http:\/\/www.sk6dw.se\/?page_id=1182\">Bilder fr\u00e5n 2007<\/a><br \/>\n<a href=\"http:\/\/www.sk6dw.se\/?page_id=1820\">Bilder fr\u00e5n 2006<\/a><br \/>\n<a href=\"http:\/\/www.sk6dw.se\/?page_id=1179\">Bilder fr\u00e5n 2005<\/a><\/p>\n<p>Innan radiotr\u00e4ffen flyttades till T\u00e5nga Hed s\u00e5 h\u00f6lls den p\u00e5 <a href=\"http:\/\/www.sk6dw.se\/?page_id=1181\">Backamo<\/a>.<\/p>\n","protected":false},"excerpt":{"rendered":"<p>OBS! V\u00e4nligen notera att denna sida ej \u00e4r uppdaterad. Aktuell information finner ni p\u00e5: www.tangahed.net Fieldday V\u00e4st &#8211; T\u00e5nga Hed Sedan 2005 arrangeras varje \u00e5r Fieldday V\u00e4st p\u00e5 T\u00e5nga hed utanf\u00f6r V\u00e5rg\u00e5rda och vi var en av de klubbar som &hellip;<\/p>\n<p class=\"read-more\"> <a class=\"more-link\" href=\"https:\/\/www.sk6dw.se\/?page_id=5232\"> <span class=\"screen-reader-text\">Fieldday V\u00e4st (Arkiverad)<\/span> L\u00e4s mer &raquo;<\/a><\/p>\n","protected":false},"author":1,"featured_media":0,"parent":162,"menu_order":99,"comment_status":"open","ping_status":"closed","template":"","meta":{"footnotes":""},"_links":{"self":[{"href":"https:\/\/www.sk6dw.se\/index.php?rest_route=\/wp\/v2\/pages\/5232"}],"collection":[{"href":"https:\/\/www.sk6dw.se\/index.php?rest_route=\/wp\/v2\/pages"}],"about":[{"href":"https:\/\/www.sk6dw.se\/index.php?rest_route=\/wp\/v2\/types\/page"}],"author":[{"embeddable":true,"href":"https:\/\/www.sk6dw.se\/index.php?rest_route=\/wp\/v2\/users\/1"}],"replies":[{"embeddable":true,"href":"https:\/\/www.sk6dw.se\/index.php?rest_route=%2Fwp%2Fv2%2Fcomments&post=5232"}],"version-history":[{"count":1,"href":"https:\/\/www.sk6dw.se\/index.php?rest_route=\/wp\/v2\/pages\/5232\/revisions"}],"predecessor-version":[{"id":6030,"href":"https:\/\/www.sk6dw.se\/index.php?rest_route=\/wp\/v2\/pages\/5232\/revisions\/6030"}],"up":[{"embeddable":true,"href":"https:\/\/www.sk6dw.se\/index.php?rest_route=\/wp\/v2\/pages\/162"}],"wp:attachment":[{"href":"https:\/\/www.sk6dw.se\/index.php?rest_route=%2Fwp%2Fv2%2Fmedia&parent=5232"}],"curies":[{"name":"wp","href":"https:\/\/api.w.org\/{rel}","templated":true}]}}