{"id":32,"date":"2005-10-02T00:53:33","date_gmt":"2005-10-01T22:53:33","guid":{"rendered":"http:\/\/www.sk6dw.se\/testwebb\/?page_id=15"},"modified":"2013-12-27T18:40:11","modified_gmt":"2013-12-27T17:40:11","slug":"vad-ar-amatorradio","status":"publish","type":"page","link":"https:\/\/www.sk6dw.se\/?page_id=32","title":{"rendered":"Vad \u00e4r Amat\u00f6rradio?"},"content":{"rendered":"<p>Amat\u00f6rradio \u00e4r en icke yrkesm\u00e4ssig verksamhet utan vinningssyfte, inriktad p\u00e5 experiment med utrustningar f\u00f6r radiokommunikation samt med radiov\u00e5gors utbredning. Den som innehar licens f\u00f6r att ut\u00f6va amat\u00f6rradio kallas s\u00e4ndar- eller radioamat\u00f6r. Amat\u00f6rradio \u00e4r politiskt och religi\u00f6st obunden och n\u00e5r ut \u00f6ver alla nationers gr\u00e4nser. Den ger d\u00e4rigenom en unik m\u00f6jlighet till internationell gemenskap. Det finns ca 3 miljoner s\u00e4ndaramat\u00f6rer runt om i v\u00e4rlden; i Sverige finns drygt 13 000.<\/p>\n<h4 style='margin-bottom:0px'>Olika Frekvensband<\/h4>\n<p style='margin-top: 5px'>Radioamat\u00f6rerna har tillg\u00e5ng till m\u00e5nga frekvensband, alla med olika egenskaper. F\u00f6rh\u00e5llandena i jordens atmosf\u00e4r, valet av frekvens, tidpunkt, s\u00e4ndareffekt, antenn m m avg\u00f6r hur l\u00e5ng r\u00e4ckvidden blir. P\u00e5 kortv\u00e5g \u00e4r det l\u00e4ttast att f\u00e5 kontakt med hela v\u00e4rlden.<\/p>\n<h4 style='margin-bottom:0px'>Satelliter<\/h4>\n<p style='margin-top: 5px'>Radioamat\u00f6rerna anv\u00e4nder egna satelliter i rymden f\u00f6r radiokontakter mellan avl\u00e4gsna orter p\u00e5 jorden. Satelliterna \u00e5teruts\u00e4nder radiotrafiken, som uppf\u00e5ngas fr\u00e5n jorden. P\u00e5 s\u00e5 s\u00e4tt \u00f6kar r\u00e4ckvidden. <\/p>\n<h4 style='margin-bottom:0px'>Mobil radiotrafik<\/h4>\n<p style='margin-top: 5px'>Radiostationer kallas mobila n\u00e4r de anv\u00e4nds i bilar och b\u00e5tar eller b\u00e4rs omkring. B\u00e4rbara radiostationer \u00e4r oftast utf\u00f6rda f\u00f6r h\u00f6ga frekvenser och har l\u00e5g s\u00e4ndareffekt. De n\u00e5r d\u00e4rf\u00f6r inte s\u00e5 l\u00e5ngt. F\u00f6r att ut\u00f6ka r\u00e4ckvidden har radioamat\u00f6rerna m\u00e5nga rel\u00e4stationer (repeatrar), som \u00e5teruts\u00e4nder trafiken p\u00e5 liknande s\u00e4tt som satelliter g\u00f6r.<\/p>\n<h4 style='margin-bottom:0px'>T\u00e4vlingar<\/h4>\n<p style='margin-top: 5px'>Radioamat\u00f6rerna sysslar \u00e4ven med t\u00e4vlingar av olika slag, t ex att f\u00e5 kontakt med s\u00e5 m\u00e5nga l\u00e5ngv\u00e4ga amat\u00f6rradiostationer som m\u00f6jligt inom en viss tid. Radiopejlorientering, \u00e4ven kallad &#8221;r\u00e4vjakt&#8221;, \u00e4r en speciell t\u00e4vlingsform som liknar vanlig orientering, men d\u00e4r sk\u00e4rmarna ers\u00e4tts av g\u00f6mda amat\u00f6rs\u00e4ndare. Det g\u00e4ller att med en liten mottagare best\u00e4mma riktningen till s\u00e4ndarna och med karta och kompass finna dem p\u00e5 kortaste tid.<\/p>\n<h4 style='margin-bottom:0px'>Hobby f\u00f6r experiment<\/h4>\n<p style='margin-top: 5px'>Amat\u00f6rradion ger m\u00e5nga tillf\u00e4llen till experiment med elektronik, data,  radiostationer, antenner;<br \/>\ntrafik via m\u00e5nen och mycket mer. Den ger kunskaper som kan bli till ett yrke och \u00e4r p\u00e5 s\u00e5 s\u00e4tt en s\u00e4rskilt meningsfull verksamhet f\u00f6r ungdomar.<\/p>\n<h4 style='margin-bottom:0px'>S\u00e5 h\u00e4r blir du amat\u00f6r<\/h4>\n<p style='margin-top: 5px'>F\u00f6r att f\u00e5 ha och anv\u00e4nda amat\u00f6rradios\u00e4ndare m\u00e5ste du ett tillst\u00e5nd fr\u00e5n Post- och telestyrelsen (PTS). F\u00f6r att f\u00e5 tillst\u00e5nd m\u00e5ste alla avl\u00e4gga enklare kunskapsprov i radioteknik, els\u00e4kerhet, trafikregler m m. Prov kan avl\u00e4ggas f\u00f6r av SSA auktoriserad provf\u00f6rr\u00e4ttare. <\/p>\n<h4 style='margin-bottom:0px'>SSA &#8211; F\u00f6reningen Sveriges S\u00e4ndareamat\u00f6rer<\/h4>\n<p style='margin-top: 5px'>SSA \u00e4r de svenska radioamat\u00f6rernas intresseorganisation. De flesta nationella amat\u00f6rradiof\u00f6reningar i v\u00e4rlden \u00e4r anslutna till IARU (International Amateur Radio Union), d\u00e4r Sverige representeras av SSA. P\u00e5 SSA:s hemsida finns mycket information om amat\u00f6rradio att h\u00e4mta. <a href=\"http:\/\/www.ssa.se\">L\u00e4nk >><\/a><\/p>\n","protected":false},"excerpt":{"rendered":"<p>Amat\u00f6rradio \u00e4r en icke yrkesm\u00e4ssig verksamhet utan vinningssyfte, inriktad p\u00e5 experiment med utrustningar f\u00f6r radiokommunikation samt med radiov\u00e5gors utbredning. Den som innehar licens f\u00f6r att ut\u00f6va amat\u00f6rradio kallas s\u00e4ndar- eller radioamat\u00f6r. Amat\u00f6rradio \u00e4r politiskt och religi\u00f6st obunden och n\u00e5r ut &hellip;<\/p>\n<p class=\"read-more\"> <a class=\"more-link\" href=\"https:\/\/www.sk6dw.se\/?page_id=32\"> <span class=\"screen-reader-text\">Vad \u00e4r Amat\u00f6rradio?<\/span> L\u00e4s mer &raquo;<\/a><\/p>\n","protected":false},"author":1,"featured_media":0,"parent":149,"menu_order":10,"comment_status":"closed","ping_status":"closed","template":"","meta":{"footnotes":""},"_links":{"self":[{"href":"https:\/\/www.sk6dw.se\/index.php?rest_route=\/wp\/v2\/pages\/32"}],"collection":[{"href":"https:\/\/www.sk6dw.se\/index.php?rest_route=\/wp\/v2\/pages"}],"about":[{"href":"https:\/\/www.sk6dw.se\/index.php?rest_route=\/wp\/v2\/types\/page"}],"author":[{"embeddable":true,"href":"https:\/\/www.sk6dw.se\/index.php?rest_route=\/wp\/v2\/users\/1"}],"replies":[{"embeddable":true,"href":"https:\/\/www.sk6dw.se\/index.php?rest_route=%2Fwp%2Fv2%2Fcomments&post=32"}],"version-history":[{"count":1,"href":"https:\/\/www.sk6dw.se\/index.php?rest_route=\/wp\/v2\/pages\/32\/revisions"}],"predecessor-version":[{"id":6137,"href":"https:\/\/www.sk6dw.se\/index.php?rest_route=\/wp\/v2\/pages\/32\/revisions\/6137"}],"up":[{"embeddable":true,"href":"https:\/\/www.sk6dw.se\/index.php?rest_route=\/wp\/v2\/pages\/149"}],"wp:attachment":[{"href":"https:\/\/www.sk6dw.se\/index.php?rest_route=%2Fwp%2Fv2%2Fmedia&parent=32"}],"curies":[{"name":"wp","href":"https:\/\/api.w.org\/{rel}","templated":true}]}}