{"id":29,"date":"2005-10-02T00:39:47","date_gmt":"2005-10-01T22:39:47","guid":{"rendered":"http:\/\/www.sk6dw.se\/testwebb\/?page_id=4"},"modified":"2014-10-26T00:20:50","modified_gmt":"2014-10-25T22:20:50","slug":"repeater-information","status":"publish","type":"page","link":"https:\/\/www.sk6dw.se\/?page_id=29","title":{"rendered":"Rel\u00e4stationer"},"content":{"rendered":"<p><a href=\"http:\/\/www.sk6dw.se\/wp-content\/uploads\/2005\/10\/SE6M_39.jpg\"><img decoding=\"async\" loading=\"lazy\" src=\"http:\/\/www.sk6dw.se\/wp-content\/uploads\/2005\/10\/SE6M_39-225x300.jpg\" alt=\"SE6M_39\" width=\"225\" height=\"300\" class=\"alignright size-medium wp-image-6135\" srcset=\"https:\/\/www.sk6dw.se\/wp-content\/uploads\/2005\/10\/SE6M_39-225x300.jpg 225w, https:\/\/www.sk6dw.se\/wp-content\/uploads\/2005\/10\/SE6M_39-768x1024.jpg 768w, https:\/\/www.sk6dw.se\/wp-content\/uploads\/2005\/10\/SE6M_39.jpg 900w\" sizes=\"(max-width: 225px) 100vw, 225px\" \/><\/a> En rel\u00e4station best\u00e5r av en s\u00e4ndare och en mottagare. N\u00e4r en signal kommer in p\u00e5 mottagaren \u00e5teruts\u00e4nds den av s\u00e4ndaren. Genom att rel\u00e4stationens antenn \u00e4r h\u00f6gt placerad s\u00e5 f\u00e5r man en b\u00e4ttre r\u00e4ckvidd j\u00e4mf\u00f6rt med vad man skulle ha mellan tv\u00e5 vanliga stationer. <\/p>\n<h4>RV61 \/ R6x &#8211; C4FM<\/h4>\n<p>I stadsdelen Str\u00f6mslund i Trollh\u00e4ttan sitter v\u00e5r repeater f\u00f6r 2-metersbandet och har mycket god t\u00e4ckning i tv\u00e5stadsomr\u00e5det. Den tar emot b\u00e5de vanlig analog FM och digitalt C4FM (System Fusion), dock s\u00e4nder den alltid ut i FM.<\/p>\n<p>Frekvens: 145,7625 MHz (-0,6 MHz duplex)<br \/>\nUteffekt: 30 watt<br \/>\nS\u00e4ndare\/mottagare: Yaesu DR-1XE AMS Digital Repeater (driftsatt den 24 oktober 2014)<br \/>\nAntenn: 2-stackad Aerial Oy AV1431 (monterades upp 30\/9 2006)<br \/>\nFilter: Decibel DB4060-WDC-B<\/p>\n<p>Vi anv\u00e4nder repeaterns egen logik, f\u00f6r att anv\u00e4nda den s\u00e5 beh\u00f6ver ni s\u00e4nda med subton 114,8 Hz. Vid digital mod (C4FM) s\u00e5 beh\u00f6vs detta inte. H\u00e4ngtiden \u00e4r cirka en sekund. Repeatern identifierar sig med CW (SK6DW\/R) varje halvtimme.<\/p>\n<p><a href=\"https:\/\/www.youtube.com\/watch?v=-A3_NQqvQWg\" title=\"QSO mellan SM6VTT och SA6AVB (j\u00e4mf\u00f6relse FM och digitalt)\" target=\"_blank\">QSO \u00f6ver nya SK6DW-R mellan SM6VTT och SA6AVB (FM och digitalt)<\/a><\/p>\n<p><a href=\"http:\/\/www.sk6dw.se\/wp-content\/uploads\/2005\/10\/yaesu_dr1x1.jpg\"><img decoding=\"async\" loading=\"lazy\" src=\"http:\/\/www.sk6dw.se\/wp-content\/uploads\/2005\/10\/yaesu_dr1x1.jpg\" alt=\"yaesu_dr1x\" width=\"650\" height=\"135\" class=\"alignnone size-full wp-image-6354\" srcset=\"https:\/\/www.sk6dw.se\/wp-content\/uploads\/2005\/10\/yaesu_dr1x1.jpg 650w, https:\/\/www.sk6dw.se\/wp-content\/uploads\/2005\/10\/yaesu_dr1x1-300x62.jpg 300w, https:\/\/www.sk6dw.se\/wp-content\/uploads\/2005\/10\/yaesu_dr1x1-100x20.jpg 100w, https:\/\/www.sk6dw.se\/wp-content\/uploads\/2005\/10\/yaesu_dr1x1-150x31.jpg 150w, https:\/\/www.sk6dw.se\/wp-content\/uploads\/2005\/10\/yaesu_dr1x1-200x41.jpg 200w, https:\/\/www.sk6dw.se\/wp-content\/uploads\/2005\/10\/yaesu_dr1x1-450x93.jpg 450w, https:\/\/www.sk6dw.se\/wp-content\/uploads\/2005\/10\/yaesu_dr1x1-600x124.jpg 600w\" sizes=\"(max-width: 650px) 100vw, 650px\" \/><\/a><\/p>\n<div style=\"clear:both;\">\n<h4>RU390 \/ RU11 &#8211; FM<\/h4>\n<p>Med sin placering h\u00f6gt mellan Uddevalla och Trollh\u00e4ttan s\u00e5 ger v\u00e5r 70cm-repeater god t\u00e4ckning i hela Trestadsomr\u00e5det. Repeatern \u00e4r l\u00e4nkad mot R6x.<\/p>\n<p>Frekvens: 434,875 MHz (-2 MHz duplex)<br \/>\nUteffekt: 25 watt<br \/>\nS\u00e4ndare: ICOM F410<br \/>\nMottagare: ICOM F410<br \/>\nL\u00e4nkradio: ICOM F310<br \/>\nLogik: Hamcontroller64<br \/>\nAntenn: Fyrstackad Aerial Oy<\/p>\n<h4>RU362 &#8211; D-Star<\/h4>\n<p>V\u00e5r rel\u00e4station f\u00f6r D-Star sitter mitt i Trollh\u00e4ttans centrum. Antennen \u00e4r en Diamond X300. Den \u00e4r kopplad mot SM6-reflektorn DCS010I men det g\u00e5r utm\u00e4rkt att koppla upp mot andra reflektorer, den kommer dock att g\u00e5 tillbaka till DCS010I efter en viss tid om det r\u00e5der inaktivitet.<\/p>\n<p>Frekvens: 434,525 MHz (-2 MHz duplex)<br \/>\nUteffekt: 60 watt<br \/>\nS\u00e4ndare: ICOM F410<br \/>\nMottagare: ICOM F410<br \/>\nInterface: DVRPTR v2<br \/>\nAntenn: Diamond X300<\/p>\n<hr>\n<h4>Arkiv:<\/h4>\n<p><font color=\"#999\"><b>Gamla R6x (numera reserv) RV61 \/ R6x (145.7625MHz)<\/b> driftsatt den 21 Januari 2007<br \/>\nI stadsdelen Str\u00f6mslund i Trollh\u00e4ttan sitter v\u00e5r 2-meters repeater som har mycket god h\u00f6rbarhet i tv\u00e5stadsomr\u00e5det. S\u00e4ndare och mottagare best\u00e5r av tv\u00e5 ICOM IC-F310.  Efter s\u00e4ndaren sitter ett slutsteg fr\u00e5n Radiosystem som matar antennen med ca: 50watt.  Antennen \u00e4r en 2 stackad Aerial Oy AV1431 (sattes upp 30\/9 2006). Vi anv\u00e4nder 4 kavitetsfilter av fabrikatet Decibel, beteckning DB4060-WDC-B. Logiken \u00e4r Norsk, Hamcontroller64.<br \/>\n<a href=\"http:\/\/www.sk6dw.se\/wp-content\/uploads\/2005\/10\/nyr6x.jpg\"><img decoding=\"async\" loading=\"lazy\" src=\"http:\/\/www.sk6dw.se\/wp-content\/uploads\/2005\/10\/nyr6x-300x280.jpg\" alt=\"nyr6x\" width=\"300\" height=\"280\" class=\"alignnone size-medium wp-image-6365\" style=\"float:right;\" srcset=\"https:\/\/www.sk6dw.se\/wp-content\/uploads\/2005\/10\/nyr6x-300x280.jpg 300w, https:\/\/www.sk6dw.se\/wp-content\/uploads\/2005\/10\/nyr6x-100x93.jpg 100w, https:\/\/www.sk6dw.se\/wp-content\/uploads\/2005\/10\/nyr6x-150x140.jpg 150w, https:\/\/www.sk6dw.se\/wp-content\/uploads\/2005\/10\/nyr6x-200x187.jpg 200w, https:\/\/www.sk6dw.se\/wp-content\/uploads\/2005\/10\/nyr6x-450x421.jpg 450w, https:\/\/www.sk6dw.se\/wp-content\/uploads\/2005\/10\/nyr6x.jpg 469w\" sizes=\"(max-width: 300px) 100vw, 300px\" \/><\/a><br \/>\nRepeatern kan \u00f6ppnas p\u00e5 f\u00f6ljande s\u00e4tt<\/p>\n<p><strong>1750Hz ton<\/strong> (min. 300ms). Repeatern \u00f6ppnar med tal id och varje avslutad s\u00e4ndning in p\u00e5 repeatern avslutas med ett K med telegrafi.<\/p>\n<p><strong>DTMF 6<\/strong> (min. 200ms). Repeatern \u00f6ppnar med tal id och varje avslutad s\u00e4ndning in p\u00e5 repeatern avslutas med ett D med telegrafi.<\/p>\n<p><strong>CTCSS 114.8Hz<\/strong> (subton). Repeatern \u00f6ppnar med telegrafi id och varje avslutad s\u00e4ndning in p\u00e5 repeatern avslutas med ett S med telegrafi.<\/p>\n<p>Repeatern s\u00e4nder \u00e4ven ut en subton n\u00e4r den f\u00e5r mottagning. Anv\u00e4nder man subtons squelch kan man l\u00e4nka mot repeatern med en krossbandsradio. <\/p>\n<p><strong>Att t\u00e4nka p\u00e5 n\u00e4r man l\u00e4nkar mot repeatern!<\/strong> Anv\u00e4nd helst subton och subtons squelch \u00e4ven p\u00e5 l\u00e4nkfrekvensen. Risken \u00e4r annars att st\u00f6rningar p\u00e5 l\u00e4nkradion \u00f6ppnar och blockerar repeatern. Repeatern h\u00f6rs inte n\u00e4r man anv\u00e4nder subtons squelch. Man h\u00f6r endast stationer som s\u00e4nder in till repeatern. <\/p>\n<p>Repeatern har \u00e4ven en timeout som g\u00f6r att den st\u00e4nger om den har haft mottagning i mer \u00e4n 5 minuter.<\/p>\n<p>I \u00f6vrigt har repeatern inga finesser eller funktioner tillg\u00e4ngliga f\u00f6r &#8221;vanliga&#8221; anv\u00e4ndare.<\/font><\/p>\n","protected":false},"excerpt":{"rendered":"<p>En rel\u00e4station best\u00e5r av en s\u00e4ndare och en mottagare. N\u00e4r en signal kommer in p\u00e5 mottagaren \u00e5teruts\u00e4nds den av s\u00e4ndaren. Genom att rel\u00e4stationens antenn \u00e4r h\u00f6gt placerad s\u00e5 f\u00e5r man en b\u00e4ttre r\u00e4ckvidd j\u00e4mf\u00f6rt med vad man skulle ha mellan &hellip;<\/p>\n<p class=\"read-more\"> <a class=\"more-link\" href=\"https:\/\/www.sk6dw.se\/?page_id=29\"> <span class=\"screen-reader-text\">Rel\u00e4stationer<\/span> L\u00e4s mer &raquo;<\/a><\/p>\n","protected":false},"author":1,"featured_media":0,"parent":149,"menu_order":5,"comment_status":"closed","ping_status":"open","template":"","meta":{"footnotes":""},"_links":{"self":[{"href":"https:\/\/www.sk6dw.se\/index.php?rest_route=\/wp\/v2\/pages\/29"}],"collection":[{"href":"https:\/\/www.sk6dw.se\/index.php?rest_route=\/wp\/v2\/pages"}],"about":[{"href":"https:\/\/www.sk6dw.se\/index.php?rest_route=\/wp\/v2\/types\/page"}],"author":[{"embeddable":true,"href":"https:\/\/www.sk6dw.se\/index.php?rest_route=\/wp\/v2\/users\/1"}],"replies":[{"embeddable":true,"href":"https:\/\/www.sk6dw.se\/index.php?rest_route=%2Fwp%2Fv2%2Fcomments&post=29"}],"version-history":[{"count":44,"href":"https:\/\/www.sk6dw.se\/index.php?rest_route=\/wp\/v2\/pages\/29\/revisions"}],"predecessor-version":[{"id":6404,"href":"https:\/\/www.sk6dw.se\/index.php?rest_route=\/wp\/v2\/pages\/29\/revisions\/6404"}],"up":[{"embeddable":true,"href":"https:\/\/www.sk6dw.se\/index.php?rest_route=\/wp\/v2\/pages\/149"}],"wp:attachment":[{"href":"https:\/\/www.sk6dw.se\/index.php?rest_route=%2Fwp%2Fv2%2Fmedia&parent=29"}],"curies":[{"name":"wp","href":"https:\/\/api.w.org\/{rel}","templated":true}]}}