{"id":19,"date":"2013-12-18T01:06:59","date_gmt":"2013-12-18T00:06:59","guid":{"rendered":"http:\/\/www.sk6dw.se\/?page_id=19"},"modified":"2014-10-25T19:20:15","modified_gmt":"2014-10-25T17:20:15","slug":"fieldday-ekebacken","status":"publish","type":"page","link":"https:\/\/www.sk6dw.se\/?page_id=19","title":{"rendered":"Fieldday Ekebacken"},"content":{"rendered":"<div style='width:100%;'><img decoding=\"async\" src=\"http:\/\/www.sk6dw.se\/wp-content\/uploads\/2010\/02\/dsc04311.JPG\" alt=\"\" width=\"450px\" style=\"float:left; padding-bottom:10px;\"\/><img decoding=\"async\" src=\"http:\/\/www.sk6dw.se\/wp-content\/uploads\/2010\/02\/dsc04333.jpg\" alt=\"\" width=\"450px\" style=\"float:right; padding-bottom:9px;\"\/><\/div>\n<div style=\"clear:both\"><\/div>\n<p>Under en helg i slutet av maj varje \u00e5r s\u00e5 anordnar SK6DW en fieldday vid Ekebacken p\u00e5 det natursk\u00f6na Halleberg 10 km \u00f6ster om V\u00e4nersborg i JO68FJ. Loppis, fika, radio och ett str\u00e5lande fint v\u00e4der brukar st\u00e5 till buds. Kom som du \u00e4r, ta med dig ett glatt hum\u00f6r och eget bord om du vill s\u00e4lja n\u00e5got p\u00e5 loppisen. Fielddayen och loppisen b\u00f6rjar kl. 10. Var g\u00e4rna p\u00e5 plats en stund innan. Eftersom stugan ligger i ett naturreservat, var extra f\u00f6rsiktigt i naturen. Husbil och t\u00e4lt \u00e4r till\u00e5tet men inte husvagn om du vill sova \u00f6ver. Inlotsning sker p\u00e5 repeater RV61 145,7625MHz eller RU390 434,875MHz. <\/p>\n<p>Mer information l\u00f6pande p\u00e5 http:\/\/www.sk6dw.se<\/p>\n<p>Varmt v\u00e4lkomna till SK6DW och Ekebacken h\u00e4lsar Trollh\u00e4ttans S\u00e4ndareamat\u00f6rer!<\/p>\n<p><img decoding=\"async\" src=\"http:\/\/www.sk6dw.se\/wp-content\/uploads\/2013\/12\/mastvy-680x510.jpg\"\/><\/p>\n","protected":false},"excerpt":{"rendered":"<p>Under en helg i slutet av maj varje \u00e5r s\u00e5 anordnar SK6DW en fieldday vid Ekebacken p\u00e5 det natursk\u00f6na Halleberg 10 km \u00f6ster om V\u00e4nersborg i JO68FJ. Loppis, fika, radio och ett str\u00e5lande fint v\u00e4der brukar st\u00e5 till buds. Kom &hellip;<\/p>\n<p class=\"read-more\"> <a class=\"more-link\" href=\"https:\/\/www.sk6dw.se\/?page_id=19\"> <span class=\"screen-reader-text\">Fieldday Ekebacken<\/span> L\u00e4s mer &raquo;<\/a><\/p>\n","protected":false},"author":3,"featured_media":0,"parent":0,"menu_order":0,"comment_status":"closed","ping_status":"open","template":"","meta":{"footnotes":""},"_links":{"self":[{"href":"https:\/\/www.sk6dw.se\/index.php?rest_route=\/wp\/v2\/pages\/19"}],"collection":[{"href":"https:\/\/www.sk6dw.se\/index.php?rest_route=\/wp\/v2\/pages"}],"about":[{"href":"https:\/\/www.sk6dw.se\/index.php?rest_route=\/wp\/v2\/types\/page"}],"author":[{"embeddable":true,"href":"https:\/\/www.sk6dw.se\/index.php?rest_route=\/wp\/v2\/users\/3"}],"replies":[{"embeddable":true,"href":"https:\/\/www.sk6dw.se\/index.php?rest_route=%2Fwp%2Fv2%2Fcomments&post=19"}],"version-history":[{"count":23,"href":"https:\/\/www.sk6dw.se\/index.php?rest_route=\/wp\/v2\/pages\/19\/revisions"}],"predecessor-version":[{"id":6383,"href":"https:\/\/www.sk6dw.se\/index.php?rest_route=\/wp\/v2\/pages\/19\/revisions\/6383"}],"wp:attachment":[{"href":"https:\/\/www.sk6dw.se\/index.php?rest_route=%2Fwp%2Fv2%2Fmedia&parent=19"}],"curies":[{"name":"wp","href":"https:\/\/api.w.org\/{rel}","templated":true}]}}