{"id":1820,"date":"2009-09-06T20:31:42","date_gmt":"2009-09-06T18:31:42","guid":{"rendered":"http:\/\/www.sk6dw.se\/?page_id=1820"},"modified":"2013-12-18T13:11:18","modified_gmt":"2013-12-18T12:11:18","slug":"tanga-hed-2006","status":"publish","type":"page","link":"https:\/\/www.sk6dw.se\/?page_id=1820","title":{"rendered":"T\u00e5nga Hed 2006"},"content":{"rendered":"<p>Bilder fr\u00e5n Fieldday V\u00e4st 2006 i T\u00e5nga Hed.<\/p>\n<p><img decoding=\"async\" alt=\"\" src=\"http:\/\/www.sk6dw.se\/bilder\/fdv2006\/SE6M\/tp1080235.jpg\" \/><\/p>\n<p><img decoding=\"async\" alt=\"\" src=\"http:\/\/www.sk6dw.se\/bilder\/fdv2006\/SE6M\/tp1080236.jpg\" \/><\/p>\n<p><img decoding=\"async\" alt=\"\" src=\"http:\/\/www.sk6dw.se\/bilder\/fdv2006\/SE6M\/tp1080237.jpg\" \/><\/p>\n<p><img decoding=\"async\" alt=\"\" src=\"http:\/\/www.sk6dw.se\/bilder\/fdv2006\/SE6M\/tp1080251.jpg\" \/><\/p>\n<p><img decoding=\"async\" alt=\"\" src=\"http:\/\/www.sk6dw.se\/bilder\/fdv2006\/SE6M\/tp1080254.jpg\" \/><\/p>\n<p><img decoding=\"async\" alt=\"\" src=\"http:\/\/www.sk6dw.se\/bilder\/fdv2006\/SE6M\/tp1080257.jpg\" \/><\/p>\n<p><img decoding=\"async\" alt=\"\" src=\"http:\/\/www.sk6dw.se\/bilder\/fdv2006\/SE6M\/tp1080315.jpg\" \/><\/p>\n<p><img decoding=\"async\" alt=\"\" src=\"http:\/\/www.sk6dw.se\/bilder\/fdv2006\/SE6M\/tp1080316.jpg\" \/><\/p>\n<p><img decoding=\"async\" alt=\"\" src=\"http:\/\/www.sk6dw.se\/bilder\/fdv2006\/SE6M\/tp1080317.jpg\" \/><\/p>\n<p><img decoding=\"async\" alt=\"\" src=\"http:\/\/www.sk6dw.se\/bilder\/fdv2006\/SE6M\/tp1080318.jpg\" \/><\/p>\n<p><img decoding=\"async\" alt=\"\" src=\"http:\/\/www.sk6dw.se\/bilder\/fdv2006\/SE6M\/tp1080319.jpg\" \/><\/p>\n<p><img decoding=\"async\" alt=\"\" src=\"http:\/\/www.sk6dw.se\/bilder\/fdv2006\/SE6M\/tp1080320.jpg\" \/><\/p>\n<p><img decoding=\"async\" alt=\"\" src=\"http:\/\/www.sk6dw.se\/bilder\/fdv2006\/SE6M\/tp1080327.jpg\" \/><\/p>\n<p><img decoding=\"async\" alt=\"\" src=\"http:\/\/www.sk6dw.se\/bilder\/fdv2006\/SE6M\/tp1080333.jpg\" \/><\/p>\n<p><img decoding=\"async\" alt=\"\" src=\"http:\/\/www.sk6dw.se\/bilder\/fdv2006\/SE6M\/tp1080346.jpg\" \/><\/p>\n<p><img decoding=\"async\" alt=\"\" src=\"http:\/\/www.sk6dw.se\/bilder\/fdv2006\/SE6M\/tp1080418.jpg\" \/><\/p>\n<p>Bilderna \u00e4r tagna av Mats SE6M, bes\u00f6k g\u00e4rna hans <a href=\"http:\/\/82.182.115.199\/gsa\/se6m\/\">hemsida<\/a> f\u00f6r fler bilder fr\u00e5n andra radioaktiviteter.<\/p>\n","protected":false},"excerpt":{"rendered":"<p>Bilder fr\u00e5n Fieldday V\u00e4st 2006 i T\u00e5nga Hed. Bilderna \u00e4r tagna av Mats SE6M, bes\u00f6k g\u00e4rna hans hemsida f\u00f6r fler bilder fr\u00e5n andra radioaktiviteter.<\/p>\n","protected":false},"author":1,"featured_media":0,"parent":162,"menu_order":10,"comment_status":"open","ping_status":"closed","template":"","meta":{"footnotes":""},"_links":{"self":[{"href":"https:\/\/www.sk6dw.se\/index.php?rest_route=\/wp\/v2\/pages\/1820"}],"collection":[{"href":"https:\/\/www.sk6dw.se\/index.php?rest_route=\/wp\/v2\/pages"}],"about":[{"href":"https:\/\/www.sk6dw.se\/index.php?rest_route=\/wp\/v2\/types\/page"}],"author":[{"embeddable":true,"href":"https:\/\/www.sk6dw.se\/index.php?rest_route=\/wp\/v2\/users\/1"}],"replies":[{"embeddable":true,"href":"https:\/\/www.sk6dw.se\/index.php?rest_route=%2Fwp%2Fv2%2Fcomments&post=1820"}],"version-history":[{"count":3,"href":"https:\/\/www.sk6dw.se\/index.php?rest_route=\/wp\/v2\/pages\/1820\/revisions"}],"predecessor-version":[{"id":6115,"href":"https:\/\/www.sk6dw.se\/index.php?rest_route=\/wp\/v2\/pages\/1820\/revisions\/6115"}],"up":[{"embeddable":true,"href":"https:\/\/www.sk6dw.se\/index.php?rest_route=\/wp\/v2\/pages\/162"}],"wp:attachment":[{"href":"https:\/\/www.sk6dw.se\/index.php?rest_route=%2Fwp%2Fv2%2Fmedia&parent=1820"}],"curies":[{"name":"wp","href":"https:\/\/api.w.org\/{rel}","templated":true}]}}