{"id":162,"date":"2005-10-29T14:10:34","date_gmt":"2005-10-29T12:10:34","guid":{"rendered":"http:\/\/www.sk6dw.se\/?page_id=162"},"modified":"2005-10-29T14:10:34","modified_gmt":"2005-10-29T12:10:34","slug":"fieldday","status":"publish","type":"page","link":"https:\/\/www.sk6dw.se\/?page_id=162","title":{"rendered":"Fieldday V\u00e4st &#8211; 8S6FD"},"content":{"rendered":"<h3>Fieldday V\u00e4st har flyttat till en ny sida p\u00e5 n\u00e4tet:<\/h3>\n<h1><strong><a href=\"http:\/\/www.tangahed.net\">www.tangahed.net<\/a><\/strong><\/h1>\n<p><\/p>\n<p align=\"right\">SK6DWs gamla sida om FDV finns arkiverad <a href=\"http:\/\/www.sk6dw.se\/?page_id=5232\">h\u00e4r<\/a>.<\/p>\n","protected":false},"excerpt":{"rendered":"<p>Fieldday V\u00e4st har flyttat till en ny sida p\u00e5 n\u00e4tet: www.tangahed.net SK6DWs gamla sida om FDV finns arkiverad h\u00e4r.<\/p>\n","protected":false},"author":1,"featured_media":0,"parent":0,"menu_order":2,"comment_status":"closed","ping_status":"closed","template":"","meta":{"footnotes":""},"_links":{"self":[{"href":"https:\/\/www.sk6dw.se\/index.php?rest_route=\/wp\/v2\/pages\/162"}],"collection":[{"href":"https:\/\/www.sk6dw.se\/index.php?rest_route=\/wp\/v2\/pages"}],"about":[{"href":"https:\/\/www.sk6dw.se\/index.php?rest_route=\/wp\/v2\/types\/page"}],"author":[{"embeddable":true,"href":"https:\/\/www.sk6dw.se\/index.php?rest_route=\/wp\/v2\/users\/1"}],"replies":[{"embeddable":true,"href":"https:\/\/www.sk6dw.se\/index.php?rest_route=%2Fwp%2Fv2%2Fcomments&post=162"}],"version-history":[{"count":0,"href":"https:\/\/www.sk6dw.se\/index.php?rest_route=\/wp\/v2\/pages\/162\/revisions"}],"wp:attachment":[{"href":"https:\/\/www.sk6dw.se\/index.php?rest_route=%2Fwp%2Fv2%2Fmedia&parent=162"}],"curies":[{"name":"wp","href":"https:\/\/api.w.org\/{rel}","templated":true}]}}