{"id":159,"date":"2005-10-29T12:19:44","date_gmt":"2005-10-29T10:19:44","guid":{"rendered":"http:\/\/www.sk6dw.se\/?page_id=159"},"modified":"2014-04-24T22:02:34","modified_gmt":"2014-04-24T20:02:34","slug":"byggkvallar","status":"publish","type":"page","link":"https:\/\/www.sk6dw.se\/?page_id=159","title":{"rendered":"Bygg- och temakv\u00e4llar"},"content":{"rendered":"<p><a href=\"http:\/\/www.sk6dw.se\/wp-content\/uploads\/2005\/10\/byggkvallar.jpg\"><img decoding=\"async\" loading=\"lazy\" src=\"http:\/\/www.sk6dw.se\/wp-content\/uploads\/2005\/10\/byggkvallar.jpg\" alt=\"byggkvallar\" width=\"690\" height=\"261\" class=\"alignnone size-full wp-image-6064\" srcset=\"https:\/\/www.sk6dw.se\/wp-content\/uploads\/2005\/10\/byggkvallar.jpg 690w, https:\/\/www.sk6dw.se\/wp-content\/uploads\/2005\/10\/byggkvallar-300x113.jpg 300w\" sizes=\"(max-width: 690px) 100vw, 690px\" \/><\/a><\/p>\n<h4>Byggkv\u00e4llar<\/h4>\n<p>Vi brukar tr\u00e4ffas torsdagar kl. 19:00 i Folkh\u00f6gskolans lokaler p\u00e5 Ekholmsgatan 11. Andra och fj\u00e4rde torsdagen har vi byggkv\u00e4llar d\u00e5 vi bygger antenner, modifierar radioapparater etc. H\u00e4r \u00e4r f\u00f6ljer ett urval av v\u00e5ra byggprojekt:<\/p>\n<p><b>Zodiac Profi-6 &#8211; 10 meter FM<\/b><br \/>\nKlubben k\u00f6pte under v\u00e5ren 2005 in 10 stycken Zodiac Profi-6 som byggdes om till 10meter FM. Profi-6:an \u00e4r en 6 kanalig mobilstation med diodmatris d\u00e4r man separat kan \u00e4ndra s\u00e4ndar och mottagarfrekvens vilket g\u00f6r att man kan f\u00e5 duplex p\u00e5 varje kanal. <a href=\"http:\/\/www.sk6dw.se\/dokument\/profi6.pdf\">Modifikation Zodiac Profi-6 >><\/a><\/p>\n<p><b>TinyTrack 3 &#8211; F\u00f6r APRS<\/b><br \/>\nTinyTrak3 \u00e4r ett enkelriktat &#8221;modem&#8221; som anvandlar en GPS singal (position) till en datasignal som s\u00e4nds ut via radio.  Den konfigureras via PC d\u00e4r man har m\u00f6jlighet att ange sin amat\u00f6rradiosignal, hur ofta den skall s\u00e4nda osv. <a href=\"http:\/\/www.byonics.com\/tinytrak\/\" target=\"_blank\">L\u00e4s mer p\u00e5 tillverkarens hemsida >><\/a><\/p>\n<h4>Temakv\u00e4llar<\/h4>\n<p>F\u00f6rsta torsdagen varje m\u00e5nad \u00e4r normalt temakv\u00e4ll d\u00e4r vi diskuterar, f\u00f6rel\u00e4ser eller undervisar i olika teknik\u00e4mnen. H\u00e4r f\u00f6ljer ett urval av v\u00e5ra f\u00f6rel\u00e4sningar:<\/p>\n<p><b>APRS &#8211; Automatiskt Positions Rapporterings System<\/b><br \/>\nDick SM6HNS f\u00f6rel\u00e4ste om APRS som bygger p&#229; att man s\u00e4nder ut sin aktuella position med hj\u00e4lp av en GPS, ett modem och en radios\u00e4ndare. Signalen tas upp av en digipeater som vidarebefodrar informationen till Internet eller andra digipeatrar.  <a href=\"http:\/\/www.sk6dw.se\/dokument\/APRS.pdf\" target=\"_blank\">L\u00e4s mer (PDF)>><\/a><\/p>\n<p><b>Radiojamming &#8211; St\u00f6rs\u00e4ndare<\/b><br \/>\nChristian SM6VPU f\u00f6rel\u00e4ste om st\u00f6rs\u00e4ndare sk. &#8221;Radiojamming&#8221;.  Sedan l\u00e5ng tid tillbaka har det f\u00f6rekommit st\u00f6rs\u00e4ndare i m\u00e5nga l\u00e4nder f\u00f6r att st\u00f6ra ut utl\u00e4ndska radiostationer.  <a href=\"http:\/\/www.sk6dw.se\/dokument\/tema\/060302\/jamming.ppt\" target=\"_blank\">L\u00e4s mer h\u00e4r (kr\u00e4ver Powerpoint) >><\/a><\/p>\n<p><b>Echolink &#8211; Amat\u00f6rradio via internet<\/b><br \/>\nFredrik SM6VTT f\u00f6rel\u00e4ste om Echolink. Echolink \u00e4r en programvara enbart f\u00f6r radioamat\u00f6rer. Med hj\u00e4lp av Internet kan radioamat\u00f6rer koppla sig samman med tal (VoiceOverIP) \u00f6ver hela v\u00e4rlden. Kommunikationen kan ske fr\u00e5n dator till dator, dator till radio eller en radio till en annan radio. <a href=\"http:\/\/www.sk6dw.se\/dokument\/tema\/060511\/Echolink.ppt\" target=\"_blank\">L\u00e4s mer h\u00e4r (kr\u00e4ver Powerpoint) >><\/a><\/p>\n<p><b>\u00c5ska<\/b><br \/>\nBj\u00f6rn -VTK och Janne -SJW f\u00f6rel\u00e4ste om \u00e5ska, hur den uppst\u00e5r och hur man kan sp\u00e5ra den. \u00c5ska \u00e4r f\u00f6r vissa fascinerade och intressant, f\u00f6r andra bara ett otrevligt v\u00e4derfenomen. <a href=\"http:\/\/www.sk6dw.se\/dokument\/tema\/060608\/asktema.ppt\" target=\"_blank\">L\u00e4s mer h\u00e4r (kr\u00e4ver Powerpoint) >><\/a><\/p>\n<p>L\u00e4nkar:<br \/>\n<a href=\"http:\/\/www.sk6dw.se\/sm6sjw\/\" target=\"_blank\">\u00c5sktracker, Trollh\u00e4ttan<\/a><br \/>\n<a href=\"http:\/\/www.wetterzentrale.de\/pics\/Rsfloc.html\" target=\"_blank\">Tysk sida som anv\u00e4nder triangulering av samma typ som SMHI<\/a><br \/>\n<a href=\"http:\/\/www.artech.se\/~bpark54\/trackerindex.htm\" target=\"_blank\">V\u00e4nertracker Mariestad<\/a><br \/>\n<a href=\"http:\/\/www.blixtar.se\/news.php\" target=\"_blank\">Blixtforum<\/a><br \/>\n<a href=\"http:\/\/www.mouse-music.com\/boltek\/index.php\" target=\"_blank\">\u00c5sktracker, Genarp Sk\u00e5ne<\/a><br \/>\n<a href=\"http:\/\/www.mouse-music.com\/boltek\/index.php\" target=\"_blank\">Astrogenic triangulering tracker<\/a><br \/>\n<a href=\"http:\/\/www.dmi.dk\/dmi\/lyn\" target=\"_blank\">Dansk motsvarighet till SMHI<\/a> <\/p>\n","protected":false},"excerpt":{"rendered":"<p>Byggkv\u00e4llar Vi brukar tr\u00e4ffas torsdagar kl. 19:00 i Folkh\u00f6gskolans lokaler p\u00e5 Ekholmsgatan 11. Andra och fj\u00e4rde torsdagen har vi byggkv\u00e4llar d\u00e5 vi bygger antenner, modifierar radioapparater etc. H\u00e4r \u00e4r f\u00f6ljer ett urval av v\u00e5ra byggprojekt: Zodiac Profi-6 &#8211; 10 meter &hellip;<\/p>\n<p class=\"read-more\"> <a class=\"more-link\" href=\"https:\/\/www.sk6dw.se\/?page_id=159\"> <span class=\"screen-reader-text\">Bygg- och temakv\u00e4llar<\/span> L\u00e4s mer &raquo;<\/a><\/p>\n","protected":false},"author":1,"featured_media":0,"parent":157,"menu_order":1,"comment_status":"closed","ping_status":"closed","template":"","meta":{"footnotes":""},"_links":{"self":[{"href":"https:\/\/www.sk6dw.se\/index.php?rest_route=\/wp\/v2\/pages\/159"}],"collection":[{"href":"https:\/\/www.sk6dw.se\/index.php?rest_route=\/wp\/v2\/pages"}],"about":[{"href":"https:\/\/www.sk6dw.se\/index.php?rest_route=\/wp\/v2\/types\/page"}],"author":[{"embeddable":true,"href":"https:\/\/www.sk6dw.se\/index.php?rest_route=\/wp\/v2\/users\/1"}],"replies":[{"embeddable":true,"href":"https:\/\/www.sk6dw.se\/index.php?rest_route=%2Fwp%2Fv2%2Fcomments&post=159"}],"version-history":[{"count":3,"href":"https:\/\/www.sk6dw.se\/index.php?rest_route=\/wp\/v2\/pages\/159\/revisions"}],"predecessor-version":[{"id":6328,"href":"https:\/\/www.sk6dw.se\/index.php?rest_route=\/wp\/v2\/pages\/159\/revisions\/6328"}],"up":[{"embeddable":true,"href":"https:\/\/www.sk6dw.se\/index.php?rest_route=\/wp\/v2\/pages\/157"}],"wp:attachment":[{"href":"https:\/\/www.sk6dw.se\/index.php?rest_route=%2Fwp%2Fv2%2Fmedia&parent=159"}],"curies":[{"name":"wp","href":"https:\/\/api.w.org\/{rel}","templated":true}]}}