{"id":157,"date":"2005-10-29T11:52:01","date_gmt":"2005-10-29T09:52:01","guid":{"rendered":"http:\/\/www.sk6dw.se\/?page_id=157"},"modified":"2013-12-18T02:04:30","modified_gmt":"2013-12-18T01:04:30","slug":"aktiviteter","status":"publish","type":"page","link":"https:\/\/www.sk6dw.se\/?page_id=157","title":{"rendered":"V\u00e5ra aktiviteter"},"content":{"rendered":"<p><a href=\"http:\/\/www.sk6dw.se\/wp-content\/uploads\/2005\/10\/icom.jpg\"><img decoding=\"async\" loading=\"lazy\" class=\"alignnone size-full wp-image-6050\" alt=\"icom\" src=\"http:\/\/www.sk6dw.se\/wp-content\/uploads\/2005\/10\/icom.jpg\" width=\"690\" height=\"200\" srcset=\"https:\/\/www.sk6dw.se\/wp-content\/uploads\/2005\/10\/icom.jpg 690w, https:\/\/www.sk6dw.se\/wp-content\/uploads\/2005\/10\/icom-300x86.jpg 300w\" sizes=\"(max-width: 690px) 100vw, 690px\" \/><\/a><\/p>\n<div class=\"pagecontent\">\n<p><b>N\u00e4tet<\/b><br \/>\nVarje s\u00f6ndag kl. 21.00 har vi ett &#8221;radion\u00e4t&#8221; \u00f6ver v\u00e5ra rel\u00e4stationer p\u00e5 145,7625 MHz och 434,875 MHz. Det inneb\u00e4r att vi tr\u00e4ffas via radion en g\u00e5ng per vecka f\u00f6r att informera om kommande aktiviteter, nyheter eller helt enkelt bara prata bort en stund. Vi turas om att h\u00e5lla i n\u00e4tet men f\u00f6r tillf\u00e4llet \u00e4r det Markus SM6WCQ som \u00e4r operat\u00f6r.<\/p>\n<p>N\u00e4tet startades i mitten\/slutet p\u00e5 1990-talet och det har varit m\u00e5nga olika operat\u00f6rer genom \u00e5ren. N\u00e5gra av dessa \u00e4r Andreas SM6VQX, Peter SM6VKC, Bj\u00f6rn SM6VTK, Christian SM6VPU, Irene SM6WAY, Fredrik SM6VTT, Markus SM6WCQ, Sandra SM6VKD, Marie SA6AFQ och Dick SM6HNS. Vi har alltid haft god aktivitet med ca: 5-25 inloggningar varje g\u00e5ng. N\u00e4tet har varit nedlagt under perioder men startades igen v\u00e5ren 2005.<\/p>\n<p><b>Tema- och byggkv\u00e4llar<\/b><br \/>\nFj\u00e4rde torsdagen i varje m\u00e5nad har vi normalt en <a href=\"http:\/\/www.sk6dw.se\/?page_id=159\">temakv\u00e4ll<\/a> d\u00e4r vi diskuterar, f\u00f6rel\u00e4ser eller undervisar i n\u00e5got teknik\u00e4mne. F\u00f6rsta och andra torsdagen har vi <a href=\"http:\/\/www.sk6dw.se\/?page_id=159\">byggkv\u00e4llar<\/a> d\u00e5 vi bygger antenner, modifierar radioapparater etc. Tredje torsdagen har vi m\u00e5nadsm\u00f6te, dit alla ocks\u00e5 \u00e4r v\u00e4lkomna.<\/p>\n<p><b>Fyrhelg 8S6BAS<\/b><br \/>\nTrollh\u00e4ttans S\u00e4ndareamat\u00f6rer deltar i International Lighthouse\/Lightship Weekend fr\u00e5n Bastungens fyr vid V\u00e4nern norr om V\u00e4nersborg. 8S6BAS \u00e4r en specialsignal som endast anv\u00e4nds fr\u00e5n Bastungen. <a href=\"http:\/\/www.sk6dw.se\/?page_id=55\">L\u00e4s mer &gt;&gt;<\/a><\/p>\n<p><b>Fyren Pater Noster 7S6PN &#8211; SF6PN<\/b><br \/>\nTrollh\u00e4ttans s\u00e4ndareamat\u00f6rer aktiverade fyren Pater Noster 2007 med signalerna 7S6PN och SF6PN. Expeditionen bestod av 5 personer som trotsade v\u00e4der och vind f\u00f6r att ta sig till den f\u00f6r sj\u00f6m\u00e4n en g\u00e5ng s\u00e5 fruktade Pater Nostersk\u00e4ren. \u00c5r 2008 och 2009 aktiverades fyren under fyrhelgen. <a href=\"http:\/\/www.sk6dw.se\/?page_id=1067\">L\u00e4s mer &gt;&gt;<\/a><\/p>\n<p><b>Fieldday V\u00e4st<\/b><br \/>\nVi \u00e4r med och arrangerar radiotr\u00e4ffen p\u00e5 T\u00e5nga Hed utanf\u00f6r V\u00e5rg\u00e5rda. <a href=\"http:\/\/www.sk6dw.se\/?page_id=162\"> L\u00e4s mer &gt;&gt;<\/a><\/p>\n<p><b>Kursverksamhet<\/b><br \/>\n\u00c4r amat\u00f6rradio n\u00e5got f\u00f6r dig? Bor du i Trollh\u00e4ttan med omnejd och \u00e4r intresserad att bli Radioamat\u00f6r kan du k\u00f6pa SSAs utbildningskasse av oss och samtidigt bli med i v\u00e5r klubb. <a href=\"http:\/\/www.sk6dw.se\/?page_id=11\">L\u00e4s mer &gt;&gt;<\/a><\/p>\n<p><b>Samband<\/b><br \/>\nRadioamat\u00f6rer kan ocks\u00e5 vara till stor nytta f\u00f6r samh\u00e4llet vid katastrofer \u2013 stora eller sm\u00e5. Ett exempel \u00e4r stormen Gudrun som slog ut ordinarie kommunikationer men d\u00e4r amat\u00f6rradion forfarande fungerade. Vid stora katastrofer har Amat\u00f6rradio alltid spelat en stor roll. Tex. vid orkanen Wilma- och tsunamikatastrofen.<\/p>\n<p>Vi ing\u00e5r i FRG (Frivilliga resursgrupper) i Trollh\u00e4ttans Kommun. Gruppen best\u00e5r av personer fr\u00e5n olika organisationer som finns till kommunens f\u00f6rfogande vid kriser och n\u00f6dsitiuationer. V\u00e5ran uppgift \u00e4r att medverka till att f\u00e5 kommunikation mellan olika platser inom kommunen.<\/p>\n<p>Med v\u00e5r kunskap om radiotrafik och teknik kan vi hj\u00e4lpa till vid olika arrangemang f\u00f6r att skapa ett s\u00e4kert och tillf\u00f6rlitligt samband. Det kan handla om allt fr\u00e5n bevakning till tidsrapportering. Tveka inte att h\u00f6ra av er till oss om ni beh\u00f6ver v\u00e5r hj\u00e4lp!<\/p>\n<\/div>\n","protected":false},"excerpt":{"rendered":"<p>N\u00e4tet Varje s\u00f6ndag kl. 21.00 har vi ett &#8221;radion\u00e4t&#8221; \u00f6ver v\u00e5ra rel\u00e4stationer p\u00e5 145,7625 MHz och 434,875 MHz. Det inneb\u00e4r att vi tr\u00e4ffas via radion en g\u00e5ng per vecka f\u00f6r att informera om kommande aktiviteter, nyheter eller helt enkelt bara &hellip;<\/p>\n<p class=\"read-more\"> <a class=\"more-link\" href=\"https:\/\/www.sk6dw.se\/?page_id=157\"> <span class=\"screen-reader-text\">V\u00e5ra aktiviteter<\/span> L\u00e4s mer &raquo;<\/a><\/p>\n","protected":false},"author":1,"featured_media":0,"parent":20,"menu_order":1,"comment_status":"closed","ping_status":"closed","template":"","meta":{"footnotes":""},"_links":{"self":[{"href":"https:\/\/www.sk6dw.se\/index.php?rest_route=\/wp\/v2\/pages\/157"}],"collection":[{"href":"https:\/\/www.sk6dw.se\/index.php?rest_route=\/wp\/v2\/pages"}],"about":[{"href":"https:\/\/www.sk6dw.se\/index.php?rest_route=\/wp\/v2\/types\/page"}],"author":[{"embeddable":true,"href":"https:\/\/www.sk6dw.se\/index.php?rest_route=\/wp\/v2\/users\/1"}],"replies":[{"embeddable":true,"href":"https:\/\/www.sk6dw.se\/index.php?rest_route=%2Fwp%2Fv2%2Fcomments&post=157"}],"version-history":[{"count":2,"href":"https:\/\/www.sk6dw.se\/index.php?rest_route=\/wp\/v2\/pages\/157\/revisions"}],"predecessor-version":[{"id":6051,"href":"https:\/\/www.sk6dw.se\/index.php?rest_route=\/wp\/v2\/pages\/157\/revisions\/6051"}],"up":[{"embeddable":true,"href":"https:\/\/www.sk6dw.se\/index.php?rest_route=\/wp\/v2\/pages\/20"}],"wp:attachment":[{"href":"https:\/\/www.sk6dw.se\/index.php?rest_route=%2Fwp%2Fv2%2Fmedia&parent=157"}],"curies":[{"name":"wp","href":"https:\/\/api.w.org\/{rel}","templated":true}]}}