{"id":1182,"date":"2008-01-14T16:05:34","date_gmt":"2008-01-14T15:05:34","guid":{"rendered":"http:\/\/www.sk6dw.se\/?page_id=1182"},"modified":"2008-01-14T16:05:34","modified_gmt":"2008-01-14T15:05:34","slug":"tanga-hed-2007","status":"publish","type":"page","link":"https:\/\/www.sk6dw.se\/?page_id=1182","title":{"rendered":"T\u00e5nga Hed 2007"},"content":{"rendered":"<p align='center'><img src='bilder\/fdv2007\/top.jpg'><\/p>\n<p align='justify'>Nu var \u00e5rets FDV slut. V\u00e4dret blev \u00f6ver f\u00f6rv\u00e4ntan. N\u00e4r vi vaknade upp p\u00e5 l\u00f6rdag morgon var det ett str\u00e5lande solsken ute. Oron \u00f6ver v\u00e4dret fanns allt hos oss arrang\u00f6rer n\u00e4r det regnade f\u00f6r fullt n\u00e4r vi anl\u00e4nde till T\u00e5nga hed p\u00e5 fredagen. <\/p>\n<p align='justify'>Loppisf\u00f6rs\u00e4ljarna b\u00f6rjade anl\u00e4nda redan vid 07.30 p\u00e5 l\u00f6rdagsmorgonen och det dukades upp det ena efter det andra p\u00e5 gr\u00e4splanen utanf\u00f6r matsalen. Inne i matsalen r\u00e5dde ocks\u00e5 en febril aktivitet n\u00e4r utst\u00e4llarna bullade upp den ena nyheten efter den andra. Det fanns mycket roligt att titta p\u00e5 och att handla.<\/p>\n<p align='justify'>V\u00e5rg\u00e5rda v\u00e4rdshus bullade upp med sm\u00f6rg\u00e5sar och kaffe s\u00e5 att man kunde k\u00f6pa sig lite frukost redan fr\u00e5n 08.30, senare p\u00e5 dagen serverades lunch och de ca 100 platser som vi st\u00e4llt upp f\u00f6r matg\u00e4ster var ofta fullsatta.<\/p>\n<p align='justify'>I M\u00e4ssen h\u00f6lls det ett APRS f\u00f6redrag som bes\u00f6ktes av ett 20 tal personer och under eftermiddagen hade OTC V\u00e4st sitt \u00e5rsm\u00f6te i samma lokal.<\/p>\n<p align='justify'>Lotterna s\u00e5ldes snabbt slut och dragningen av vinsterna gjordes p\u00e5 eftermiddagen. Prisbordet var mycket v\u00e4lutrustat med sponsrade priser fr\u00e5n de utst\u00e4llare som h\u00f6ll till i matsalen. Vi i FDV gruppen vill rikta ett stort tack till Er alla som sponsrade oss genom att sk\u00e4nka priser till v\u00e5rt lotteri samt till alla Ni som kom och bes\u00f6kte oss denna underbara l\u00f6rdag. Vi finansierar hela tillst\u00e4llningen med lotteriet s\u00e5 vi tackar och bugar f\u00f6r att Ni hj\u00e4lper oss att kunna genomf\u00f6ra detta genom att k\u00f6pa lotter av oss.<\/p>\n<p align='justify'>Det var v\u00e4ldigt roligt att se att det kom glada amat\u00f6rer fr\u00e5n b\u00e5de Norge och Danmark till denna tr\u00e4ff, vi ser fram emot att f\u00e5 tr\u00e4ffa Er igen n\u00e4sta \u00e5r ocks\u00e5.<\/p>\n<p align='justify'>Tr\u00f6tta och glada v\u00e4nde vi hem\u00e5t i regnet som \u00e5terkom p\u00e5 s\u00f6ndagen. Vi var dock alla \u00f6verens om att vi \u00e5terkommer med detta arrangemang \u00e4ven n\u00e4sta \u00e5r och vi hoppas att Ni st\u00e4ller upp d\u00e5 ocks\u00e5.<\/p>\n<p>Mer informatiom om datum kommer n\u00e4r vi bokat upp lokalerna.<\/p>\n<p>\u00c4n en g\u00e5ng tack f\u00f6r Ert st\u00f6d och vi ses p\u00e5 FDV 2008.<br \/>\n73 de SM6HNS\/Dicken<br \/>\n<i>F\u00f6r FDV gruppen<\/i><\/p>\n<p><\/p>\n<p align='right'><img src='bilder\/fdv2007\/hns\/DSC00603.JPG'><small>Foto: SM6HNS<\/small><\/p>\n<p align='right'><img src='bilder\/fdv2007\/hns\/DSC00606.JPG'><small>Foto: SM6HNS<\/small><\/p>\n<p align='right'><img src='bilder\/fdv2007\/hns\/DSC00612.JPG'><small>Foto: SM6HNS<\/small><\/p>\n<p align='right'><img src='bilder\/fdv2007\/hns\/DSC00614.JPG'><small>Foto: SM6HNS<\/small><\/p>\n<p align='right'><img src='bilder\/fdv2007\/hns\/DSC00617.JPG'><small>Foto: SM6HNS<\/small><\/p>\n<p align='right'><img src='bilder\/fdv2007\/hns\/DSC00619.JPG'><small>Foto: SM6HNS<\/small><\/p>\n<p align='right'><img src='bilder\/fdv2007\/vuf\/DSC00065.JPG'><small>Foto: SM6VUF<\/small><\/p>\n<p align='right'><img src='bilder\/fdv2007\/vuf\/DSC00071.JPG'><small>Foto: SM6VUF<\/small><\/p>\n<p align='right'><img src='bilder\/fdv2007\/hns\/DSC00625.JPG'><small>Foto: SM6HNS<\/small><\/p>\n<p align='right'><img src='bilder\/fdv2007\/hns\/DSC00626.JPG'><small>Foto: SM6HNS<\/small><\/p>\n<p align='right'><img src='bilder\/fdv2007\/vuf\/DSC00077.JPG'><small>VTK och VZU fyndar antenner&#8230; Foto: SM6VUF<\/small><\/p>\n<p align='right'><img src='bilder\/fdv2007\/vuf\/DSC00086.JPG'><small>Som VTT fick frakta hem. H\u00e4r \u00e4r ekipaget under en matpaus p\u00e5 v\u00e4gen hem. Foto: SM6VUF<\/small><\/p>\n","protected":false},"excerpt":{"rendered":"<p>Nu var \u00e5rets FDV slut. V\u00e4dret blev \u00f6ver f\u00f6rv\u00e4ntan. N\u00e4r vi vaknade upp p\u00e5 l\u00f6rdag morgon var det ett str\u00e5lande solsken ute. Oron \u00f6ver v\u00e4dret fanns allt hos oss arrang\u00f6rer n\u00e4r det regnade f\u00f6r fullt n\u00e4r vi anl\u00e4nde till T\u00e5nga &hellip;<\/p>\n<p class=\"read-more\"> <a class=\"more-link\" href=\"https:\/\/www.sk6dw.se\/?page_id=1182\"> <span class=\"screen-reader-text\">T\u00e5nga Hed 2007<\/span> L\u00e4s mer &raquo;<\/a><\/p>\n","protected":false},"author":1,"featured_media":0,"parent":162,"menu_order":5,"comment_status":"closed","ping_status":"closed","template":"","meta":{"footnotes":""},"_links":{"self":[{"href":"https:\/\/www.sk6dw.se\/index.php?rest_route=\/wp\/v2\/pages\/1182"}],"collection":[{"href":"https:\/\/www.sk6dw.se\/index.php?rest_route=\/wp\/v2\/pages"}],"about":[{"href":"https:\/\/www.sk6dw.se\/index.php?rest_route=\/wp\/v2\/types\/page"}],"author":[{"embeddable":true,"href":"https:\/\/www.sk6dw.se\/index.php?rest_route=\/wp\/v2\/users\/1"}],"replies":[{"embeddable":true,"href":"https:\/\/www.sk6dw.se\/index.php?rest_route=%2Fwp%2Fv2%2Fcomments&post=1182"}],"version-history":[{"count":0,"href":"https:\/\/www.sk6dw.se\/index.php?rest_route=\/wp\/v2\/pages\/1182\/revisions"}],"up":[{"embeddable":true,"href":"https:\/\/www.sk6dw.se\/index.php?rest_route=\/wp\/v2\/pages\/162"}],"wp:attachment":[{"href":"https:\/\/www.sk6dw.se\/index.php?rest_route=%2Fwp%2Fv2%2Fmedia&parent=1182"}],"curies":[{"name":"wp","href":"https:\/\/api.w.org\/{rel}","templated":true}]}}