{"id":1181,"date":"2008-01-14T15:59:49","date_gmt":"2008-01-14T14:59:49","guid":{"rendered":"http:\/\/www.sk6dw.se\/?page_id=1181"},"modified":"2008-01-14T15:59:49","modified_gmt":"2008-01-14T14:59:49","slug":"backamo-1998-2004","status":"publish","type":"page","link":"https:\/\/www.sk6dw.se\/?page_id=1181","title":{"rendered":"Backamo 1998-2004"},"content":{"rendered":"<p align='right'><img src='bilder\/fdv\/PICT2574.JPG'><small>Foto: SM6VTT<\/small><\/p>\n<p align='justify'>Redan 1998 var vi med och arrangerade Backamo Fieldday som redan f\u00f6rsta \u00e5ret blev succ\u00e9. Gott om bes\u00f6kare och ett underbart v\u00e4der. Medlemmar i SK6DW var \u00e4ven delaktiga i Backamo 1999, 2000, 2002 och 2004 som var det var det sista \u00e5ret som Fielddayen p\u00e5 Backamo arrangerades.<\/p>\n<p align='justify'><b>Om Backamo<\/b><br \/>Mellan 1724 och 1913 var Backamo \u00f6vningsplats f\u00f6r bohusl\u00e4ns regemente. 1913 flyttade regementet till nya kaserner i Uddevalla, I17. Under andra v\u00e4rldskriget anv\u00e4ndes Backamo som interneringsl\u00e4ger f\u00f6r krigsf\u00e5ngar. Anl\u00e4ggningen vid Backamo \u00e4r fortfarande intakt och anv\u00e4nds \u00e4n idag, bl.a. som kursg\u00e5rd. Backamo ligger i Uddevalla kommun vid v\u00e4g 167 mellan Ljungskile och Lilla Edet.<\/p>\n<p><a href=\"http:\/\/www.hitta.se\/LargeMap.aspx?z=5&#038;mp=%3Cpts%3E%3Cpt%20i%3D%22http%3A\/\/www.hitta.se\/images\/point.png%22%20y%3D%226457543%22%20x%3D%221275307%22%3E%3Ct%3E%3C\/t%3E%3C\/pt%3E%3C\/pts%3E\" target=\"_blank\"><img decoding=\"async\" src=\"http:\/\/www.hitta.se\/images\/mapbutton.gif\" border=\"0\"\/><\/a><\/p>\n","protected":false},"excerpt":{"rendered":"<p>Foto: SM6VTT Redan 1998 var vi med och arrangerade Backamo Fieldday som redan f\u00f6rsta \u00e5ret blev succ\u00e9. Gott om bes\u00f6kare och ett underbart v\u00e4der. Medlemmar i SK6DW var \u00e4ven delaktiga i Backamo 1999, 2000, 2002 och 2004 som var det &hellip;<\/p>\n<p class=\"read-more\"> <a class=\"more-link\" href=\"https:\/\/www.sk6dw.se\/?page_id=1181\"> <span class=\"screen-reader-text\">Backamo 1998-2004<\/span> L\u00e4s mer &raquo;<\/a><\/p>\n","protected":false},"author":1,"featured_media":0,"parent":162,"menu_order":99,"comment_status":"open","ping_status":"closed","template":"","meta":{"footnotes":""},"_links":{"self":[{"href":"https:\/\/www.sk6dw.se\/index.php?rest_route=\/wp\/v2\/pages\/1181"}],"collection":[{"href":"https:\/\/www.sk6dw.se\/index.php?rest_route=\/wp\/v2\/pages"}],"about":[{"href":"https:\/\/www.sk6dw.se\/index.php?rest_route=\/wp\/v2\/types\/page"}],"author":[{"embeddable":true,"href":"https:\/\/www.sk6dw.se\/index.php?rest_route=\/wp\/v2\/users\/1"}],"replies":[{"embeddable":true,"href":"https:\/\/www.sk6dw.se\/index.php?rest_route=%2Fwp%2Fv2%2Fcomments&post=1181"}],"version-history":[{"count":0,"href":"https:\/\/www.sk6dw.se\/index.php?rest_route=\/wp\/v2\/pages\/1181\/revisions"}],"up":[{"embeddable":true,"href":"https:\/\/www.sk6dw.se\/index.php?rest_route=\/wp\/v2\/pages\/162"}],"wp:attachment":[{"href":"https:\/\/www.sk6dw.se\/index.php?rest_route=%2Fwp%2Fv2%2Fmedia&parent=1181"}],"curies":[{"name":"wp","href":"https:\/\/api.w.org\/{rel}","templated":true}]}}