{"id":1180,"date":"2008-01-14T15:57:02","date_gmt":"2008-01-14T14:57:02","guid":{"rendered":"http:\/\/www.sk6dw.se\/?page_id=1180"},"modified":"2008-01-14T15:57:02","modified_gmt":"2008-01-14T14:57:02","slug":"om-tanga-hed","status":"publish","type":"page","link":"https:\/\/www.sk6dw.se\/?page_id=1180","title":{"rendered":"T\u00e5nga Heds historia"},"content":{"rendered":"<p><img decoding=\"async\" src=\"bilder\/fdv\/uppstallning.jpg\"><\/p>\n<p align='justify'><b>Historia<\/b><br \/>\u00c5r 1862 uppr\u00e4ttade b\u00f6nderna i H\u00e4grunga by ett avtal med Kungliga G\u00f6ta Artilleriregemente, A2, om f\u00f6rs\u00e4ljning av T\u00e5nga hed. Regementet som var f\u00f6rlagt till Kviberg i G\u00f6teborg beh\u00f6vde f\u00f6r sina \u00f6vningar ett st\u00f6rre omr\u00e5de och heden ans\u00e5gs l\u00e4mplig f\u00f6r sin n\u00e4rhet till V\u00e5rg\u00e5rda station och den goda tillg\u00e5ngen p\u00e5 vatten. Fr\u00e5n D\u00f6sebacka flyttades stallar, officersproviant och m\u00f6belbaracker, ammunitionsf\u00f6rr\u00e5d och andra byggnader. Underofficerare och manskap fick n\u00f6ja sig med att bo i t\u00e4lt \u00e4nda fram till 1933 d\u00e5 f\u00f6rl\u00e4ggningsbaracker restes.<\/p>\n<p align='justify'>Av ekonomiska sk\u00e4l drogs A2 in 1962 och den 15 mars samma \u00e5r hade regementet en minnesfest d\u00e5 de sista skotten avlossades. En minnessten restes m\u00e5naden efter och vid den st\u00e5r tv\u00e5 gamla kanoner p\u00e5 vakt. Under \u00e5ren 1963 till 1995 anv\u00e4ndes heden av I 15 i Bor\u00e5s och sedan 1995 drivs camping, vandrarhem, turistbyr\u00e5 och evenemangsanl\u00e4ggning p\u00e5 platsen.<\/p>\n","protected":false},"excerpt":{"rendered":"<p>Historia\u00c5r 1862 uppr\u00e4ttade b\u00f6nderna i H\u00e4grunga by ett avtal med Kungliga G\u00f6ta Artilleriregemente, A2, om f\u00f6rs\u00e4ljning av T\u00e5nga hed. Regementet som var f\u00f6rlagt till Kviberg i G\u00f6teborg beh\u00f6vde f\u00f6r sina \u00f6vningar ett st\u00f6rre omr\u00e5de och heden ans\u00e5gs l\u00e4mplig f\u00f6r sin &hellip;<\/p>\n<p class=\"read-more\"> <a class=\"more-link\" href=\"https:\/\/www.sk6dw.se\/?page_id=1180\"> <span class=\"screen-reader-text\">T\u00e5nga Heds historia<\/span> L\u00e4s mer &raquo;<\/a><\/p>\n","protected":false},"author":1,"featured_media":0,"parent":162,"menu_order":80,"comment_status":"open","ping_status":"closed","template":"","meta":{"footnotes":""},"_links":{"self":[{"href":"https:\/\/www.sk6dw.se\/index.php?rest_route=\/wp\/v2\/pages\/1180"}],"collection":[{"href":"https:\/\/www.sk6dw.se\/index.php?rest_route=\/wp\/v2\/pages"}],"about":[{"href":"https:\/\/www.sk6dw.se\/index.php?rest_route=\/wp\/v2\/types\/page"}],"author":[{"embeddable":true,"href":"https:\/\/www.sk6dw.se\/index.php?rest_route=\/wp\/v2\/users\/1"}],"replies":[{"embeddable":true,"href":"https:\/\/www.sk6dw.se\/index.php?rest_route=%2Fwp%2Fv2%2Fcomments&post=1180"}],"version-history":[{"count":0,"href":"https:\/\/www.sk6dw.se\/index.php?rest_route=\/wp\/v2\/pages\/1180\/revisions"}],"up":[{"embeddable":true,"href":"https:\/\/www.sk6dw.se\/index.php?rest_route=\/wp\/v2\/pages\/162"}],"wp:attachment":[{"href":"https:\/\/www.sk6dw.se\/index.php?rest_route=%2Fwp%2Fv2%2Fmedia&parent=1180"}],"curies":[{"name":"wp","href":"https:\/\/api.w.org\/{rel}","templated":true}]}}